{"id":2760,"date":"2023-05-03T11:36:11","date_gmt":"2023-05-03T09:36:11","guid":{"rendered":"https:\/\/gossyp.es\/?post_type=product&#038;p=2760"},"modified":"2025-11-24T12:34:29","modified_gmt":"2025-11-24T11:34:29","slug":"gossyp-origin-2-mask","status":"publish","type":"product","link":"https:\/\/gossyp.es\/it\/producto\/gossyp-origin-2-mask\/","title":{"rendered":"Gossyp Origin 2 Mask"},"content":{"rendered":"<p>GOSSYP ORIGIN 2 MASK es un tratamiento natural, vegano e isot\u00f3nico que repara intensamente la estructura proteica del cabello Reparando los puentes de azufre. Se puede usar en los tratamientos Origin o mezclado con decoloraciones o tintes sin retrasar la oxidaci\u00f3n.<\/p>\n","protected":false},"excerpt":{"rendered":"<p>Origin mask 2: La mascarilla que aporta nutrici\u00f3n total al cabello. \u00a0Con Aceite de arg\u00e1n, aceite de algod\u00f3n, col\u00e1geno, queratina, lisina, biotina, serinina, arginina. Puede usarse durante los procesos de decoloraci\u00f3n.<\/p>\n","protected":false},"featured_media":2761,"template":"","meta":{"_joinchat":[]},"product_brand":[],"product_cat":[15],"product_tag":[],"class_list":{"0":"post-2760","1":"product","2":"type-product","3":"status-publish","4":"has-post-thumbnail","6":"product_cat-technic-line","8":"first","9":"instock","10":"taxable","11":"shipping-taxable","12":"purchasable","13":"product-type-simple"},"_links":{"self":[{"href":"https:\/\/gossyp.es\/it\/wp-json\/wp\/v2\/product\/2760","targetHints":{"allow":["GET"]}}],"collection":[{"href":"https:\/\/gossyp.es\/it\/wp-json\/wp\/v2\/product"}],"about":[{"href":"https:\/\/gossyp.es\/it\/wp-json\/wp\/v2\/types\/product"}],"wp:featuredmedia":[{"embeddable":true,"href":"https:\/\/gossyp.es\/it\/wp-json\/wp\/v2\/media\/2761"}],"wp:attachment":[{"href":"https:\/\/gossyp.es\/it\/wp-json\/wp\/v2\/media?parent=2760"}],"wp:term":[{"taxonomy":"product_brand","embeddable":true,"href":"https:\/\/gossyp.es\/it\/wp-json\/wp\/v2\/product_brand?post=2760"},{"taxonomy":"product_cat","embeddable":true,"href":"https:\/\/gossyp.es\/it\/wp-json\/wp\/v2\/product_cat?post=2760"},{"taxonomy":"product_tag","embeddable":true,"href":"https:\/\/gossyp.es\/it\/wp-json\/wp\/v2\/product_tag?post=2760"}],"curies":[{"name":"wp","href":"https:\/\/api.w.org\/{rel}","templated":true}]}}