{"id":972,"date":"2022-05-11T11:41:54","date_gmt":"2022-05-11T09:41:54","guid":{"rendered":"https:\/\/gossyp.es\/producto\/perfect-oil\/"},"modified":"2025-11-24T12:02:48","modified_gmt":"2025-11-24T11:02:48","slug":"perfect-oil","status":"publish","type":"product","link":"https:\/\/gossyp.es\/en\/producto\/perfect-oil\/","title":{"rendered":"Perfect OIL"},"content":{"rendered":"<p>Aceite seco&#8230; \u2728Brillo intenso&#8230; aroma frutal.<\/p>\n<p>Descubre la magia de Perfect Oil, una sinfon\u00eda de ingredientes naturales y avanzada ciencia cosm\u00e9tica, dise\u00f1ada para transformar tu cabello y piel. Cada gota de este aceite seco es una promesa de nutrici\u00f3n, hidrataci\u00f3n y rejuvenecimiento. Aqu\u00ed te presentamos los beneficios clave de sus ingredientes estrella:<\/p>\n<ul>\n<li><strong> Jojoba Oil<\/strong>: Conocido por sus propiedades hidratantes, este aceite de jojoba imita los aceites naturales de tu piel, ayudando a equilibrar la hidrataci\u00f3n y mejorar la elasticidad del cabello y la piel.<\/li>\n<li><strong>Aceite de Coco<\/strong>: Este aceite milagroso es un hidratante profundo, conocido por fortalecer el cabello y darle un brillo saludable, mientras suaviza y calma la piel.<\/li>\n<li><strong>Vitamina E<\/strong>: Un antioxidante poderoso que protege tu cabello y piel de los da\u00f1os ambientales, promoviendo la reparaci\u00f3n y rejuvenecimiento celular.<\/li>\n<li><strong>Centella Asiatica<\/strong>: Este extracto de hierbas promueve la circulaci\u00f3n y la producci\u00f3n de col\u00e1geno, fortaleciendo el cabello y mejorando la firmeza de la piel.<\/li>\n<li><strong>Extracto de Aloe Vera<\/strong>: Conocido por sus propiedades calmantes y curativas, este extracto es perfecto para aliviar el cuero cabelludo irritado y nutrir la piel.<\/li>\n<li><strong>Extracto de Romero<\/strong>: Estimula el crecimiento del cabello y tiene propiedades antioxidantes que benefician la salud de la piel.<\/li>\n<\/ul>\n<p>&nbsp;<\/p>\n<p>\ud83d\ude4b\ud83c\udffc\u200d\u2640\ufe0fPerfect Oil es m\u00e1s que un producto de belleza; es un elixir de bienestar para tu cabello y piel. Su f\u00f3rmula \u00fanica, enriquecida con ingredientes naturales y extractos bot\u00e1nicos, est\u00e1 dise\u00f1ada para ofrecer resultados visibles y una experiencia sensorial inigualable. Ideal para todo tipo de cabello y piel, <strong>Perfect Oil\u2728<\/strong> es el secreto para cuidar el cabello antes, durante y despu\u00e9s de los tratamientos <strong>ORIGIN<\/strong>, <strong>BOTOX5D<\/strong> Y <strong>ORGANIC KERATINE<\/strong>.<\/p>\n","protected":false},"excerpt":{"rendered":"<p>Perfect Oil combina ingredientes naturales y ciencia cosm\u00e9tica avanzada para transformar cabello y piel. Ofrece nutrici\u00f3n, hidrataci\u00f3n y rejuvenecimiento con cada gota. Con Aceite de Jojoba , Aceite de Coco , Vitamina E \u00a0, Centella Asiatica , Aloe Vera y Extracto de Romero.<\/p>\n","protected":false},"featured_media":970,"template":"","meta":{"_joinchat":[]},"product_brand":[],"product_cat":[38],"product_tag":[],"class_list":{"0":"post-972","1":"product","2":"type-product","3":"status-publish","4":"has-post-thumbnail","6":"product_cat-home-line-en","8":"first","9":"instock","10":"taxable","11":"shipping-taxable","12":"purchasable","13":"product-type-simple"},"_links":{"self":[{"href":"https:\/\/gossyp.es\/en\/wp-json\/wp\/v2\/product\/972","targetHints":{"allow":["GET"]}}],"collection":[{"href":"https:\/\/gossyp.es\/en\/wp-json\/wp\/v2\/product"}],"about":[{"href":"https:\/\/gossyp.es\/en\/wp-json\/wp\/v2\/types\/product"}],"wp:featuredmedia":[{"embeddable":true,"href":"https:\/\/gossyp.es\/en\/wp-json\/wp\/v2\/media\/970"}],"wp:attachment":[{"href":"https:\/\/gossyp.es\/en\/wp-json\/wp\/v2\/media?parent=972"}],"wp:term":[{"taxonomy":"product_brand","embeddable":true,"href":"https:\/\/gossyp.es\/en\/wp-json\/wp\/v2\/product_brand?post=972"},{"taxonomy":"product_cat","embeddable":true,"href":"https:\/\/gossyp.es\/en\/wp-json\/wp\/v2\/product_cat?post=972"},{"taxonomy":"product_tag","embeddable":true,"href":"https:\/\/gossyp.es\/en\/wp-json\/wp\/v2\/product_tag?post=972"}],"curies":[{"name":"wp","href":"https:\/\/api.w.org\/{rel}","templated":true}]}}