{"id":966,"date":"2022-05-11T11:40:59","date_gmt":"2022-05-11T09:40:59","guid":{"rendered":"https:\/\/gossyp.es\/producto\/wow-shampoo\/"},"modified":"2025-11-24T12:01:16","modified_gmt":"2025-11-24T11:01:16","slug":"wow-shampoo","status":"publish","type":"product","link":"https:\/\/gossyp.es\/en\/producto\/wow-shampoo\/","title":{"rendered":"WOW shampoo 250ml"},"content":{"rendered":"<p>Shampoo para todo tipo de cabellos, sin sal, siliconas, ni sulfatos. Nuestros principios activos de alta calidad y tensoactivos proteicos de alta eficiencia consiguen una limpieza profunda y respetuosa con el manto lip\u00eddico del cuero cabelludo. El conjunto de aceites esenciales y factores de crecimiento favorecen la circulaci\u00f3n sangu\u00ednea. Un cabello sano es un cabello Gossyp.<\/p>\n","protected":false},"excerpt":{"rendered":"<p>Shampoo para todo tipo de cabellos, sin sal, siliconas, ni sulfatos. Nuestros principios activos de alta calidad y tensoactivos proteicos de alta eficiencia consiguen una limpieza profunda y respetuosa con el manto lip\u00eddico del cuero cabelludo. El conjunto de aceites esenciales y factores de crecimiento favorecen la circulaci\u00f3n sangu\u00ednea. Un cabello sano es un cabello Gossyp.<\/p>\n","protected":false},"featured_media":964,"template":"","meta":{"_joinchat":[]},"product_brand":[],"product_cat":[38],"product_tag":[],"class_list":{"0":"post-966","1":"product","2":"type-product","3":"status-publish","4":"has-post-thumbnail","6":"product_cat-home-line-en","8":"first","9":"instock","10":"taxable","11":"shipping-taxable","12":"purchasable","13":"product-type-simple"},"_links":{"self":[{"href":"https:\/\/gossyp.es\/en\/wp-json\/wp\/v2\/product\/966","targetHints":{"allow":["GET"]}}],"collection":[{"href":"https:\/\/gossyp.es\/en\/wp-json\/wp\/v2\/product"}],"about":[{"href":"https:\/\/gossyp.es\/en\/wp-json\/wp\/v2\/types\/product"}],"wp:featuredmedia":[{"embeddable":true,"href":"https:\/\/gossyp.es\/en\/wp-json\/wp\/v2\/media\/964"}],"wp:attachment":[{"href":"https:\/\/gossyp.es\/en\/wp-json\/wp\/v2\/media?parent=966"}],"wp:term":[{"taxonomy":"product_brand","embeddable":true,"href":"https:\/\/gossyp.es\/en\/wp-json\/wp\/v2\/product_brand?post=966"},{"taxonomy":"product_cat","embeddable":true,"href":"https:\/\/gossyp.es\/en\/wp-json\/wp\/v2\/product_cat?post=966"},{"taxonomy":"product_tag","embeddable":true,"href":"https:\/\/gossyp.es\/en\/wp-json\/wp\/v2\/product_tag?post=966"}],"curies":[{"name":"wp","href":"https:\/\/api.w.org\/{rel}","templated":true}]}}