{"id":960,"date":"2022-05-11T11:39:01","date_gmt":"2022-05-11T09:39:01","guid":{"rendered":"https:\/\/gossyp.es\/producto\/infinite-botox-5d\/"},"modified":"2025-11-24T12:08:08","modified_gmt":"2025-11-24T11:08:08","slug":"infinite-botox-5d","status":"publish","type":"product","link":"https:\/\/gossyp.es\/en\/producto\/infinite-botox-5d\/","title":{"rendered":"Infinite BOTOX 5D"},"content":{"rendered":"<p>Revolucionario complejo de alfa hidroxi\u00e1cidos org\u00e1nicos, aceites naturales y principios bot\u00e1nicos para reforzar la fibra capilar en su estructura. Brillo, fuerza y antiencrespado que evoluciona con el tiempo. En un tiempo r\u00e9cord podemos crear desde un efecto b\u00f3tox hasta un alisado natural duradero.<\/p>\n","protected":false},"excerpt":{"rendered":"<p>Revolucionario complejo de alfa hidroxi\u00e1cidos org\u00e1nicos, aceites naturales y principios bot\u00e1nicos para reforzar la fibra capilar en su estructura. Brillo, fuerza y antiencrespado que evoluciona con el tiempo. En un tiempo r\u00e9cord podemos crear desde un efecto b\u00f3tox hasta un alisado natural duradero.<\/p>\n","protected":false},"featured_media":952,"template":"","meta":{"_joinchat":[]},"product_brand":[],"product_cat":[34],"product_tag":[],"class_list":{"0":"post-960","1":"product","2":"type-product","3":"status-publish","4":"has-post-thumbnail","6":"product_cat-technic-line-en","8":"first","9":"instock","10":"taxable","11":"shipping-taxable","12":"purchasable","13":"product-type-simple"},"_links":{"self":[{"href":"https:\/\/gossyp.es\/en\/wp-json\/wp\/v2\/product\/960","targetHints":{"allow":["GET"]}}],"collection":[{"href":"https:\/\/gossyp.es\/en\/wp-json\/wp\/v2\/product"}],"about":[{"href":"https:\/\/gossyp.es\/en\/wp-json\/wp\/v2\/types\/product"}],"wp:featuredmedia":[{"embeddable":true,"href":"https:\/\/gossyp.es\/en\/wp-json\/wp\/v2\/media\/952"}],"wp:attachment":[{"href":"https:\/\/gossyp.es\/en\/wp-json\/wp\/v2\/media?parent=960"}],"wp:term":[{"taxonomy":"product_brand","embeddable":true,"href":"https:\/\/gossyp.es\/en\/wp-json\/wp\/v2\/product_brand?post=960"},{"taxonomy":"product_cat","embeddable":true,"href":"https:\/\/gossyp.es\/en\/wp-json\/wp\/v2\/product_cat?post=960"},{"taxonomy":"product_tag","embeddable":true,"href":"https:\/\/gossyp.es\/en\/wp-json\/wp\/v2\/product_tag?post=960"}],"curies":[{"name":"wp","href":"https:\/\/api.w.org\/{rel}","templated":true}]}}