{"id":3865,"date":"2024-11-27T17:17:15","date_gmt":"2024-11-27T16:17:15","guid":{"rendered":"https:\/\/gossyp.es\/?post_type=product&#038;p=3865"},"modified":"2025-11-24T12:04:19","modified_gmt":"2025-11-24T11:04:19","slug":"amazing-mask-500ml","status":"publish","type":"product","link":"https:\/\/gossyp.es\/en\/producto\/amazing-mask-500ml\/","title":{"rendered":"Amazing MASK 500ml"},"content":{"rendered":"<p>\ud83d\ude4b\ud83c\udffc\u200d\u2640\ufe0fDescubre el Tratamiento Revolucionario de Gossyp: <strong>Personalizado para Tu Cabello<\/strong>.<\/p>\n<p><strong>Amazing mask<\/strong> de <strong>Gossyp<\/strong> es tu soluci\u00f3n perfecta para el cuidado del cabello en casa. Su f\u00f3rmula \u00fanica se adapta a tus necesidades espec\u00edficas, liberando gradualmente principios activos que transforman tu cabello.<\/p>\n<p><strong>\u2764\ufe0f\u00bfBuscas una hidrataci\u00f3n intensa?<\/strong> Aplica el tratamiento durante 2 a 10 minutos y siente c\u00f3mo tu cabello cobra vida con una suavidad y brillo inigualables.<\/p>\n<p>Para aquellos con cabello m\u00e1s debilitado,<strong> una aplicaci\u00f3n de 15 a 20 minutos penetra profundamente<\/strong>, ofreciendo una nutrici\u00f3n proteica que restaura la fuerza y la vitalidad desde la ra\u00edz hasta las puntas.<\/p>\n<p>Los ingredientes \u00a0principales de la <strong>AMAZING MASK<\/strong> son:<\/p>\n<ul>\n<li><strong>Aceite de Coco<\/strong>: Fortalece y agrega brillo al cabello.<\/li>\n<li><strong>Aceite de Jojoba<\/strong>: Hidrata y nutre el cabello y el cuero cabelludo.<\/li>\n<li><strong>Extracto de Maracuy\u00e1<\/strong>: Revitaliza y nutre el cabello.<\/li>\n<li><strong>Extrato de flor de algod\u00f3n<\/strong>: Promueve el crecimiento saludable del cabello.<\/li>\n<li><strong>Vitamina E<\/strong>: Nutre y protege el cabello de los da\u00f1os ambientales.<\/li>\n<li><strong>Keratina y Col\u00e1geno Hidrolizado<\/strong>: Reconstruyen y fortalecen el cabello da\u00f1ado.<\/li>\n<li><strong>Extracto de Hamamelis<\/strong>: Calma el cuero cabelludo y reduce la inflamaci\u00f3n.<\/li>\n<\/ul>\n<p>Estos ingredientes, cuidadosamente seleccionados, trabajan en conjunto para ofrecer un tratamiento capilar integral.<\/p>\n","protected":false},"excerpt":{"rendered":"<p>Tratamiento adaptativo que ofrece hidrataci\u00f3n en solo 2-10 minutos y restauraci\u00f3n para cabellos debilitados en 15-20 minutos. Con ingredientes como Aceite de Coco, Jojoba, Extracto de Maracuy\u00e1, Flor de Algod\u00f3n, Vitamina E, Keratina, Col\u00e1geno Hidrolizado y Extracto de Hamamelis, nutre y fortalece tu cabello.<\/p>\n","protected":false},"featured_media":976,"template":"","meta":{"_joinchat":[]},"product_brand":[],"product_cat":[38],"product_tag":[],"class_list":{"0":"post-3865","1":"product","2":"type-product","3":"status-publish","4":"has-post-thumbnail","6":"product_cat-home-line-en","8":"first","9":"instock","10":"taxable","11":"shipping-taxable","12":"purchasable","13":"product-type-simple"},"_links":{"self":[{"href":"https:\/\/gossyp.es\/en\/wp-json\/wp\/v2\/product\/3865","targetHints":{"allow":["GET"]}}],"collection":[{"href":"https:\/\/gossyp.es\/en\/wp-json\/wp\/v2\/product"}],"about":[{"href":"https:\/\/gossyp.es\/en\/wp-json\/wp\/v2\/types\/product"}],"wp:featuredmedia":[{"embeddable":true,"href":"https:\/\/gossyp.es\/en\/wp-json\/wp\/v2\/media\/976"}],"wp:attachment":[{"href":"https:\/\/gossyp.es\/en\/wp-json\/wp\/v2\/media?parent=3865"}],"wp:term":[{"taxonomy":"product_brand","embeddable":true,"href":"https:\/\/gossyp.es\/en\/wp-json\/wp\/v2\/product_brand?post=3865"},{"taxonomy":"product_cat","embeddable":true,"href":"https:\/\/gossyp.es\/en\/wp-json\/wp\/v2\/product_cat?post=3865"},{"taxonomy":"product_tag","embeddable":true,"href":"https:\/\/gossyp.es\/en\/wp-json\/wp\/v2\/product_tag?post=3865"}],"curies":[{"name":"wp","href":"https:\/\/api.w.org\/{rel}","templated":true}]}}