{"id":2764,"date":"2023-05-03T11:36:58","date_gmt":"2023-05-03T09:36:58","guid":{"rendered":"https:\/\/gossyp.es\/?post_type=product&#038;p=2764"},"modified":"2025-11-24T12:34:54","modified_gmt":"2025-11-24T11:34:54","slug":"gossyp-origin-3-mask","status":"publish","type":"product","link":"https:\/\/gossyp.es\/en\/producto\/gossyp-origin-3-mask\/","title":{"rendered":"Gossyp Origin 3 Mask"},"content":{"rendered":"<div class=\"\">\n<div class=\"\">GOSSYP ORIGIN 3 MASK es un tratamiento natural, vegano e isot\u00f3nico que estabiliza las cadenas de queratina del cabello, nutre, hidrata y sella intensamente el cabello.<\/div>\n<\/div>\n<div class=\"\"><\/div>\n","protected":false},"excerpt":{"rendered":"<p>Origin mask 3: el \u00faltimo paso del tratamiento <strong>ORIGN<\/strong> con col\u00e1geno recombinado de soja, aceite de algod\u00f3n, queratina, lisina, biotina. Aporta brillo e hidrataci\u00f3n.<\/p>\n","protected":false},"featured_media":2765,"template":"","meta":{"_joinchat":[]},"product_brand":[],"product_cat":[15],"product_tag":[],"class_list":{"0":"post-2764","1":"product","2":"type-product","3":"status-publish","4":"has-post-thumbnail","6":"product_cat-technic-line","8":"first","9":"instock","10":"taxable","11":"shipping-taxable","12":"purchasable","13":"product-type-simple"},"_links":{"self":[{"href":"https:\/\/gossyp.es\/en\/wp-json\/wp\/v2\/product\/2764","targetHints":{"allow":["GET"]}}],"collection":[{"href":"https:\/\/gossyp.es\/en\/wp-json\/wp\/v2\/product"}],"about":[{"href":"https:\/\/gossyp.es\/en\/wp-json\/wp\/v2\/types\/product"}],"wp:featuredmedia":[{"embeddable":true,"href":"https:\/\/gossyp.es\/en\/wp-json\/wp\/v2\/media\/2765"}],"wp:attachment":[{"href":"https:\/\/gossyp.es\/en\/wp-json\/wp\/v2\/media?parent=2764"}],"wp:term":[{"taxonomy":"product_brand","embeddable":true,"href":"https:\/\/gossyp.es\/en\/wp-json\/wp\/v2\/product_brand?post=2764"},{"taxonomy":"product_cat","embeddable":true,"href":"https:\/\/gossyp.es\/en\/wp-json\/wp\/v2\/product_cat?post=2764"},{"taxonomy":"product_tag","embeddable":true,"href":"https:\/\/gossyp.es\/en\/wp-json\/wp\/v2\/product_tag?post=2764"}],"curies":[{"name":"wp","href":"https:\/\/api.w.org\/{rel}","templated":true}]}}