{"id":2755,"date":"2023-05-03T11:30:30","date_gmt":"2023-05-03T09:30:30","guid":{"rendered":"https:\/\/gossyp.es\/?post_type=product&#038;p=2755"},"modified":"2025-11-24T12:34:03","modified_gmt":"2025-11-24T11:34:03","slug":"gossyp-origin-1-shampoo","status":"publish","type":"product","link":"https:\/\/gossyp.es\/en\/producto\/gossyp-origin-1-shampoo\/","title":{"rendered":"Gossyp Origin 1 Shampoo"},"content":{"rendered":"<p>GOSSYP ORIGIN 1 SHAMPOO es un champ\u00fa natural, vegano e isot\u00f3nico que nutre intensamente el cabello y lo prepara para potenciar la acci\u00f3n de los tratamientos Gossyp Origin, tanto Origin2 como Origin3.<\/p>\n","protected":false},"excerpt":{"rendered":"<p>Shampoo vegano e isot\u00f3nico que nutre intensamente el cabello y lo prepara para potenciar la acci\u00f3n del tratamiento ORIGIN MASK 1 y 2 . Con Biotina y con Lisina. Apto para todo tipo de cabellos.<\/p>\n","protected":false},"featured_media":2757,"template":"","meta":{"_joinchat":[]},"product_brand":[],"product_cat":[15],"product_tag":[],"class_list":{"0":"post-2755","1":"product","2":"type-product","3":"status-publish","4":"has-post-thumbnail","6":"product_cat-technic-line","8":"first","9":"instock","10":"taxable","11":"shipping-taxable","12":"purchasable","13":"product-type-simple"},"_links":{"self":[{"href":"https:\/\/gossyp.es\/en\/wp-json\/wp\/v2\/product\/2755","targetHints":{"allow":["GET"]}}],"collection":[{"href":"https:\/\/gossyp.es\/en\/wp-json\/wp\/v2\/product"}],"about":[{"href":"https:\/\/gossyp.es\/en\/wp-json\/wp\/v2\/types\/product"}],"wp:featuredmedia":[{"embeddable":true,"href":"https:\/\/gossyp.es\/en\/wp-json\/wp\/v2\/media\/2757"}],"wp:attachment":[{"href":"https:\/\/gossyp.es\/en\/wp-json\/wp\/v2\/media?parent=2755"}],"wp:term":[{"taxonomy":"product_brand","embeddable":true,"href":"https:\/\/gossyp.es\/en\/wp-json\/wp\/v2\/product_brand?post=2755"},{"taxonomy":"product_cat","embeddable":true,"href":"https:\/\/gossyp.es\/en\/wp-json\/wp\/v2\/product_cat?post=2755"},{"taxonomy":"product_tag","embeddable":true,"href":"https:\/\/gossyp.es\/en\/wp-json\/wp\/v2\/product_tag?post=2755"}],"curies":[{"name":"wp","href":"https:\/\/api.w.org\/{rel}","templated":true}]}}