{"id":2148,"date":"2022-05-11T11:38:07","date_gmt":"2022-05-11T09:38:07","guid":{"rendered":"https:\/\/gossyp.es\/producto\/shinning-cream-3-3\/"},"modified":"2025-11-24T12:20:56","modified_gmt":"2025-11-24T11:20:56","slug":"shinning-cream","status":"publish","type":"product","link":"https:\/\/gossyp.es\/en\/producto\/shinning-cream\/","title":{"rendered":"Shinning CREAM"},"content":{"rendered":"<p><strong>\u2728Shinning Cream<\/strong> es la soluci\u00f3n definitiva para un acabado de peinado perfecto. Esta crema de peinado finalizadora no solo cierra las cut\u00edculas y aporta un brillo espectacular, sino que tambi\u00e9n mejora la textura del cabello, eliminando el frizz y dej\u00e1ndolo suave y manejable. Ideal para todo tipo de cabello, <strong>Shinning Cream<\/strong> es tu aliado para un look impecable y radiante.<\/p>\n<p><strong>Ingredientes Clave y Beneficios:<\/strong><\/p>\n<ul>\n<li><strong>Aceite de Semilla algod\u00f3n<\/strong>: Nutren y fortalecen el cabello, mejorando su textura.<\/li>\n<li><strong>Manteca de Karit\u00e9<\/strong>: Hidrata intensamente y aporta brillo natural.<\/li>\n<li><strong>Vitamina E<\/strong>: Protege el cabello de los da\u00f1os ambientales.<\/li>\n<li><strong>Ceramidas<\/strong>: Mejoran la elasticidad y resistencia del cabello.<\/li>\n<li><strong>Prote\u00edna de Trigo Hidrolizada<\/strong>: Repara y revitaliza el cabello da\u00f1ado.<\/li>\n<\/ul>\n<p>Con Shinning Cream, tu cabello lucir\u00e1 m\u00e1s saludable, brillante y libre de frizz. Disfruta de un peinado duradero y un cabello visiblemente m\u00e1s hermoso y cuidado.<\/p>\n","protected":false},"excerpt":{"rendered":"<p>esta crema de peinado finalizadora sella las cut\u00edculas, a\u00f1ade brillo espectacular y controla el frizz. Adecuada para todos los tipos de cabello, nutre, protege y revitaliza, manteniendo tu cabello suave y manejable. De f\u00e1cil aplicaci\u00f3n y perfecta para el uso diario<\/p>\n","protected":false},"featured_media":3637,"template":"","meta":{"_joinchat":[]},"product_brand":[],"product_cat":[34],"product_tag":[],"class_list":{"0":"post-2148","1":"product","2":"type-product","3":"status-publish","4":"has-post-thumbnail","6":"product_cat-technic-line-en","8":"first","9":"instock","10":"taxable","11":"shipping-taxable","12":"purchasable","13":"product-type-simple"},"_links":{"self":[{"href":"https:\/\/gossyp.es\/en\/wp-json\/wp\/v2\/product\/2148","targetHints":{"allow":["GET"]}}],"collection":[{"href":"https:\/\/gossyp.es\/en\/wp-json\/wp\/v2\/product"}],"about":[{"href":"https:\/\/gossyp.es\/en\/wp-json\/wp\/v2\/types\/product"}],"wp:featuredmedia":[{"embeddable":true,"href":"https:\/\/gossyp.es\/en\/wp-json\/wp\/v2\/media\/3637"}],"wp:attachment":[{"href":"https:\/\/gossyp.es\/en\/wp-json\/wp\/v2\/media?parent=2148"}],"wp:term":[{"taxonomy":"product_brand","embeddable":true,"href":"https:\/\/gossyp.es\/en\/wp-json\/wp\/v2\/product_brand?post=2148"},{"taxonomy":"product_cat","embeddable":true,"href":"https:\/\/gossyp.es\/en\/wp-json\/wp\/v2\/product_cat?post=2148"},{"taxonomy":"product_tag","embeddable":true,"href":"https:\/\/gossyp.es\/en\/wp-json\/wp\/v2\/product_tag?post=2148"}],"curies":[{"name":"wp","href":"https:\/\/api.w.org\/{rel}","templated":true}]}}