{"id":113,"date":"2022-05-08T11:46:13","date_gmt":"2022-05-08T09:46:13","guid":{"rendered":"https:\/\/gossyp.es\/sobre-gossyp\/"},"modified":"2022-05-19T17:38:15","modified_gmt":"2022-05-19T15:38:15","slug":"sobre-gossyp","status":"publish","type":"page","link":"https:\/\/gossyp.es\/en\/sobre-gossyp\/","title":{"rendered":"Sobre Gossyp"},"content":{"rendered":"\t\t<div data-elementor-type=\"wp-page\" data-elementor-id=\"113\" class=\"elementor elementor-113 elementor-111\" data-elementor-post-type=\"page\">\n\t\t\t\t\t\t\t\t\t<section class=\"elementor-section elementor-top-section elementor-element elementor-element-1726ce31 elementor-section-boxed elementor-section-height-default elementor-section-height-default\" data-id=\"1726ce31\" data-element_type=\"section\" data-settings=\"{&quot;jet_parallax_layout_list&quot;:[]}\">\n\t\t\t\t\t\t<div class=\"elementor-container elementor-column-gap-default\">\n\t\t\t\t\t<div class=\"elementor-column elementor-col-50 elementor-top-column elementor-element elementor-element-54cdc748\" data-id=\"54cdc748\" data-element_type=\"column\">\n\t\t\t<div class=\"elementor-widget-wrap elementor-element-populated\">\n\t\t\t\t\t\t\t\t<div class=\"elementor-element elementor-element-fb6f61e elementor-widget elementor-widget-text-editor\" data-id=\"fb6f61e\" data-element_type=\"widget\" data-widget_type=\"text-editor.default\">\n\t\t\t\t<div class=\"elementor-widget-container\">\n\t\t\t<style>\/*! elementor - v3.14.0 - 26-06-2023 *\/\n.elementor-widget-text-editor.elementor-drop-cap-view-stacked .elementor-drop-cap{background-color:#69727d;color:#fff}.elementor-widget-text-editor.elementor-drop-cap-view-framed .elementor-drop-cap{color:#69727d;border:3px solid;background-color:transparent}.elementor-widget-text-editor:not(.elementor-drop-cap-view-default) .elementor-drop-cap{margin-top:8px}.elementor-widget-text-editor:not(.elementor-drop-cap-view-default) .elementor-drop-cap-letter{width:1em;height:1em}.elementor-widget-text-editor .elementor-drop-cap{float:left;text-align:center;line-height:1;font-size:50px}.elementor-widget-text-editor .elementor-drop-cap-letter{display:inline-block}<\/style>\t\t\t\t<p>Hablar\u00e1n de tu alisado.<br \/>Hablar\u00e1n de ti.\u00a0<\/p>\t\t\t\t\t\t<\/div>\n\t\t\t\t<\/div>\n\t\t\t\t<div class=\"elementor-element elementor-element-fd92f11 elementor-widget elementor-widget-text-editor\" data-id=\"fd92f11\" data-element_type=\"widget\" data-widget_type=\"text-editor.default\">\n\t\t\t\t<div class=\"elementor-widget-container\">\n\t\t\t\t\t\t\t<p>Creemos que no hay belleza sin sofisticaci\u00f3n, por eso hemos creado a partir de la esencia de la flor de algod\u00f3n algo tan revolucionario como incre\u00edble; una l\u00ednea de productos capilares profesionales de <strong>aplicaci\u00f3n extremadamente f\u00e1cil<\/strong>. Con GOSSYP siempre aciertas.<\/p><p>Te presentamos GOSSYP, una marca que est\u00e1 revolucionando la industria de la peluquer\u00eda y las miradas de todo el mundo; algo que ya est\u00e1 en boca de muchos.<\/p><p>Son productos capilares profesionales dise\u00f1ados para ser <strong>r\u00e1pidos y efectivos<\/strong>, muy f\u00e1ciles de aplicar para conseguir un <strong>alisado perfecto, sano y duradero<\/strong>.<\/p><p>Su f\u00f3rmula se basa en nutrientes, amino\u00e1cidos, factores de crecimiento, la combinaci\u00f3n de m\u00e1s de 20 aceites y principios bot\u00e1nicos de alta calidad y principalmente el <b>aceite de algod\u00f3n (Gossypium)<\/b>.<\/p><p>GOSSYP recibe su nombre de esta planta y de la capacidad de asombro que su resultado genera en quien lo prueba, convirti\u00e9ndolo en un rumor (gossip) que corre de boca en boca.<\/p><p>GOSSYP est\u00e1 desarrollado 100% en Barcelona por farmac\u00e9uticos con la \u00faltima tecnolog\u00eda en desarrollo org\u00e1nico. Sus ingredientes naturales <b>respetan la naturaleza y la salud del cabello<\/b>.<\/p><p>Todos nuestros productos est\u00e1n fabricados en Espa\u00f1a y son <b>cruelty-free, sin t\u00f3xicos ni aditivos<\/b>.<\/p><p>Gossyp es sofisticaci\u00f3n m\u00e1s all\u00e1 de los c\u00e1nones.<br \/>Gossyp es exquisitez.<br \/>Gossyp es alta calidad.<\/p>\t\t\t\t\t\t<\/div>\n\t\t\t\t<\/div>\n\t\t\t\t\t<\/div>\n\t\t<\/div>\n\t\t\t\t<div class=\"elementor-column elementor-col-50 elementor-top-column elementor-element elementor-element-bb25c23\" data-id=\"bb25c23\" data-element_type=\"column\">\n\t\t\t<div class=\"elementor-widget-wrap elementor-element-populated\">\n\t\t\t\t\t\t\t\t<div class=\"elementor-element elementor-element-75543bd elementor-hidden-mobile elementor-widget elementor-widget-image\" data-id=\"75543bd\" data-element_type=\"widget\" data-widget_type=\"image.default\">\n\t\t\t\t<div class=\"elementor-widget-container\">\n\t\t\t<style>\/*! elementor - v3.14.0 - 26-06-2023 *\/\n.elementor-widget-image{text-align:center}.elementor-widget-image a{display:inline-block}.elementor-widget-image a img[src$=\".svg\"]{width:48px}.elementor-widget-image img{vertical-align:middle;display:inline-block}<\/style>\t\t\t\t\t\t\t\t\t\t\t\t<img loading=\"lazy\" decoding=\"async\" width=\"974\" height=\"2075\" src=\"https:\/\/gossyp.es\/wp-content\/uploads\/2022\/05\/gossyp-algodon.jpg\" class=\"attachment-full size-full wp-image-417\" alt=\"\" srcset=\"https:\/\/gossyp.es\/wp-content\/uploads\/2022\/05\/gossyp-algodon.jpg 974w, https:\/\/gossyp.es\/wp-content\/uploads\/2022\/05\/gossyp-algodon-141x300.jpg 141w, https:\/\/gossyp.es\/wp-content\/uploads\/2022\/05\/gossyp-algodon-481x1024.jpg 481w, https:\/\/gossyp.es\/wp-content\/uploads\/2022\/05\/gossyp-algodon-768x1636.jpg 768w, https:\/\/gossyp.es\/wp-content\/uploads\/2022\/05\/gossyp-algodon-721x1536.jpg 721w, https:\/\/gossyp.es\/wp-content\/uploads\/2022\/05\/gossyp-algodon-961x2048.jpg 961w, https:\/\/gossyp.es\/wp-content\/uploads\/2022\/05\/gossyp-algodon-600x1278.jpg 600w\" sizes=\"auto, (max-width: 974px) 100vw, 974px\" \/>\t\t\t\t\t\t\t\t\t\t\t\t\t\t\t<\/div>\n\t\t\t\t<\/div>\n\t\t\t\t<div class=\"elementor-element elementor-element-540b26d elementor-hidden-desktop elementor-hidden-tablet elementor-widget elementor-widget-image\" data-id=\"540b26d\" data-element_type=\"widget\" data-widget_type=\"image.default\">\n\t\t\t\t<div class=\"elementor-widget-container\">\n\t\t\t\t\t\t\t\t\t\t\t\t\t\t\t<img loading=\"lazy\" decoding=\"async\" width=\"974\" height=\"1260\" src=\"https:\/\/gossyp.es\/wp-content\/uploads\/2022\/05\/gossyp-algodon-movil.jpg\" class=\"attachment-full size-full wp-image-2270\" alt=\"\" srcset=\"https:\/\/gossyp.es\/wp-content\/uploads\/2022\/05\/gossyp-algodon-movil.jpg 974w, https:\/\/gossyp.es\/wp-content\/uploads\/2022\/05\/gossyp-algodon-movil-232x300.jpg 232w, https:\/\/gossyp.es\/wp-content\/uploads\/2022\/05\/gossyp-algodon-movil-792x1024.jpg 792w, https:\/\/gossyp.es\/wp-content\/uploads\/2022\/05\/gossyp-algodon-movil-768x994.jpg 768w, https:\/\/gossyp.es\/wp-content\/uploads\/2022\/05\/gossyp-algodon-movil-600x776.jpg 600w\" sizes=\"auto, (max-width: 974px) 100vw, 974px\" \/>\t\t\t\t\t\t\t\t\t\t\t\t\t\t\t<\/div>\n\t\t\t\t<\/div>\n\t\t\t\t\t<\/div>\n\t\t<\/div>\n\t\t\t\t\t\t\t<\/div>\n\t\t<\/section>\n\t\t\t\t<section class=\"elementor-section elementor-top-section elementor-element elementor-element-2f09c12 elementor-section-boxed elementor-section-height-default elementor-section-height-default\" data-id=\"2f09c12\" data-element_type=\"section\" data-settings=\"{&quot;jet_parallax_layout_list&quot;:[]}\">\n\t\t\t\t\t\t<div class=\"elementor-container elementor-column-gap-no\">\n\t\t\t\t\t<div class=\"elementor-column elementor-col-100 elementor-top-column elementor-element elementor-element-9020ce5\" data-id=\"9020ce5\" data-element_type=\"column\">\n\t\t\t<div class=\"elementor-widget-wrap elementor-element-populated\">\n\t\t\t\t\t\t\t\t<div class=\"elementor-element elementor-element-c3268af elementor-hidden-desktop elementor-hidden-tablet elementor-widget elementor-widget-image\" data-id=\"c3268af\" data-element_type=\"widget\" data-widget_type=\"image.default\">\n\t\t\t\t<div class=\"elementor-widget-container\">\n\t\t\t\t\t\t\t\t\t\t\t\t\t\t\t<img loading=\"lazy\" decoding=\"async\" width=\"2541\" height=\"1898\" src=\"https:\/\/gossyp.es\/wp-content\/uploads\/2022\/05\/hablamos-movil.jpg\" class=\"attachment-full size-full wp-image-2300\" alt=\"\" srcset=\"https:\/\/gossyp.es\/wp-content\/uploads\/2022\/05\/hablamos-movil.jpg 2541w, https:\/\/gossyp.es\/wp-content\/uploads\/2022\/05\/hablamos-movil-300x224.jpg 300w, https:\/\/gossyp.es\/wp-content\/uploads\/2022\/05\/hablamos-movil-1024x765.jpg 1024w, https:\/\/gossyp.es\/wp-content\/uploads\/2022\/05\/hablamos-movil-768x574.jpg 768w, https:\/\/gossyp.es\/wp-content\/uploads\/2022\/05\/hablamos-movil-1536x1147.jpg 1536w, https:\/\/gossyp.es\/wp-content\/uploads\/2022\/05\/hablamos-movil-2048x1530.jpg 2048w, https:\/\/gossyp.es\/wp-content\/uploads\/2022\/05\/hablamos-movil-600x448.jpg 600w\" sizes=\"auto, (max-width: 2541px) 100vw, 2541px\" \/>\t\t\t\t\t\t\t\t\t\t\t\t\t\t\t<\/div>\n\t\t\t\t<\/div>\n\t\t\t\t<div class=\"elementor-element elementor-element-a1bb238 elementor-hidden-mobile elementor-widget elementor-widget-image\" data-id=\"a1bb238\" data-element_type=\"widget\" data-widget_type=\"image.default\">\n\t\t\t\t<div class=\"elementor-widget-container\">\n\t\t\t\t\t\t\t\t\t\t\t\t\t\t\t<img loading=\"lazy\" decoding=\"async\" width=\"1920\" height=\"941\" src=\"https:\/\/gossyp.es\/wp-content\/uploads\/2022\/05\/hablamos-m.jpg\" class=\"attachment-full size-full wp-image-747\" alt=\"\" srcset=\"https:\/\/gossyp.es\/wp-content\/uploads\/2022\/05\/hablamos-m.jpg 1920w, https:\/\/gossyp.es\/wp-content\/uploads\/2022\/05\/hablamos-m-300x147.jpg 300w, https:\/\/gossyp.es\/wp-content\/uploads\/2022\/05\/hablamos-m-1024x502.jpg 1024w, https:\/\/gossyp.es\/wp-content\/uploads\/2022\/05\/hablamos-m-768x376.jpg 768w, https:\/\/gossyp.es\/wp-content\/uploads\/2022\/05\/hablamos-m-1536x753.jpg 1536w, https:\/\/gossyp.es\/wp-content\/uploads\/2022\/05\/hablamos-m-600x294.jpg 600w\" sizes=\"auto, (max-width: 1920px) 100vw, 1920px\" \/>\t\t\t\t\t\t\t\t\t\t\t\t\t\t\t<\/div>\n\t\t\t\t<\/div>\n\t\t\t\t<section class=\"elementor-section elementor-inner-section elementor-element elementor-element-de60ff1 elementor-section-boxed elementor-section-height-default elementor-section-height-default\" data-id=\"de60ff1\" data-element_type=\"section\" data-settings=\"{&quot;jet_parallax_layout_list&quot;:[]}\">\n\t\t\t\t\t\t<div class=\"elementor-container elementor-column-gap-default\">\n\t\t\t\t\t<div class=\"elementor-column elementor-col-50 elementor-inner-column elementor-element elementor-element-70b0e45\" data-id=\"70b0e45\" data-element_type=\"column\">\n\t\t\t<div class=\"elementor-widget-wrap elementor-element-populated\">\n\t\t\t\t\t\t\t\t<div class=\"elementor-element elementor-element-668b112 elementor-widget elementor-widget-heading\" data-id=\"668b112\" data-element_type=\"widget\" data-widget_type=\"heading.default\">\n\t\t\t\t<div class=\"elementor-widget-container\">\n\t\t\t<style>\/*! elementor - v3.14.0 - 26-06-2023 *\/\n.elementor-heading-title{padding:0;margin:0;line-height:1}.elementor-widget-heading .elementor-heading-title[class*=elementor-size-]>a{color:inherit;font-size:inherit;line-height:inherit}.elementor-widget-heading .elementor-heading-title.elementor-size-small{font-size:15px}.elementor-widget-heading .elementor-heading-title.elementor-size-medium{font-size:19px}.elementor-widget-heading .elementor-heading-title.elementor-size-large{font-size:29px}.elementor-widget-heading .elementor-heading-title.elementor-size-xl{font-size:39px}.elementor-widget-heading .elementor-heading-title.elementor-size-xxl{font-size:59px}<\/style><h2 class=\"elementor-heading-title elementor-size-default\">\u00bfHablamos?<\/h2>\t\t<\/div>\n\t\t\t\t<\/div>\n\t\t\t\t<div class=\"elementor-element elementor-element-390bf85 elementor-align-center elementor-widget elementor-widget-button\" data-id=\"390bf85\" data-element_type=\"widget\" data-widget_type=\"button.default\">\n\t\t\t\t<div class=\"elementor-widget-container\">\n\t\t\t\t\t<div class=\"elementor-button-wrapper\">\n\t\t\t<a class=\"elementor-button elementor-button-link elementor-size-md\" href=\"https:\/\/gossyp.es\/contacto\/\">\n\t\t\t\t\t\t<span class=\"elementor-button-content-wrapper\">\n\t\t\t\t\t\t<span class=\"elementor-button-text\">CONTACTA<\/span>\n\t\t<\/span>\n\t\t\t\t\t<\/a>\n\t\t<\/div>\n\t\t\t\t<\/div>\n\t\t\t\t<\/div>\n\t\t\t\t\t<\/div>\n\t\t<\/div>\n\t\t\t\t<div class=\"elementor-column elementor-col-50 elementor-inner-column elementor-element elementor-element-873bb13\" data-id=\"873bb13\" data-element_type=\"column\">\n\t\t\t<div class=\"elementor-widget-wrap\">\n\t\t\t\t\t\t\t\t\t<\/div>\n\t\t<\/div>\n\t\t\t\t\t\t\t<\/div>\n\t\t<\/section>\n\t\t\t\t\t<\/div>\n\t\t<\/div>\n\t\t\t\t\t\t\t<\/div>\n\t\t<\/section>\n\t\t\t\t\t\t\t<\/div>\n\t\t","protected":false},"excerpt":{"rendered":"<p>Hablar\u00e1n de tu alisado.Hablar\u00e1n de ti.\u00a0 Creemos que no hay belleza sin sofisticaci\u00f3n, por eso hemos creado a partir de la esencia de la flor de algod\u00f3n algo tan revolucionario como incre\u00edble; una l\u00ednea de productos capilares profesionales de aplicaci\u00f3n extremadamente f\u00e1cil. Con GOSSYP siempre aciertas. Te presentamos GOSSYP, una marca que est\u00e1 revolucionando la [&hellip;]<\/p>\n","protected":false},"author":1,"featured_media":0,"parent":0,"menu_order":0,"comment_status":"closed","ping_status":"closed","template":"","meta":{"_joinchat":[],"footnotes":""},"class_list":["post-113","page","type-page","status-publish","hentry"],"_links":{"self":[{"href":"https:\/\/gossyp.es\/en\/wp-json\/wp\/v2\/pages\/113","targetHints":{"allow":["GET"]}}],"collection":[{"href":"https:\/\/gossyp.es\/en\/wp-json\/wp\/v2\/pages"}],"about":[{"href":"https:\/\/gossyp.es\/en\/wp-json\/wp\/v2\/types\/page"}],"author":[{"embeddable":true,"href":"https:\/\/gossyp.es\/en\/wp-json\/wp\/v2\/users\/1"}],"replies":[{"embeddable":true,"href":"https:\/\/gossyp.es\/en\/wp-json\/wp\/v2\/comments?post=113"}],"version-history":[{"count":116,"href":"https:\/\/gossyp.es\/en\/wp-json\/wp\/v2\/pages\/113\/revisions"}],"predecessor-version":[{"id":2309,"href":"https:\/\/gossyp.es\/en\/wp-json\/wp\/v2\/pages\/113\/revisions\/2309"}],"wp:attachment":[{"href":"https:\/\/gossyp.es\/en\/wp-json\/wp\/v2\/media?parent=113"}],"curies":[{"name":"wp","href":"https:\/\/api.w.org\/{rel}","templated":true}]}}